{"id":49,"date":"2024-02-26T11:22:18","date_gmt":"2024-02-26T11:22:18","guid":{"rendered":"https:\/\/pro-am-allgaeu-bregenzerwald.de\/?page_id=49"},"modified":"2024-11-18T08:13:54","modified_gmt":"2024-11-18T08:13:54","slug":"home","status":"publish","type":"page","link":"https:\/\/pro-am-allgaeu-bregenzerwald.de\/en\/","title":{"rendered":"Home"},"content":{"rendered":"<div data-elementor-type=\"wp-page\" data-elementor-id=\"49\" class=\"elementor elementor-49\" data-elementor-post-type=\"page\">\n\t\t\t\t<div class=\"elementor-element elementor-element-c29b6ca e-con-full e-flex wpr-particle-no wpr-jarallax-no wpr-parallax-no wpr-sticky-section-no e-con e-parent\" data-id=\"c29b6ca\" data-element_type=\"container\" data-e-type=\"container\" data-settings=\"{&quot;background_background&quot;:&quot;classic&quot;}\">\n\t\t<div class=\"elementor-element elementor-element-0e118c9 e-flex e-con-boxed wpr-particle-no wpr-jarallax-no wpr-parallax-no wpr-sticky-section-no e-con e-child\" data-id=\"0e118c9\" data-element_type=\"container\" data-e-type=\"container\" data-settings=\"{&quot;background_background&quot;:&quot;classic&quot;}\">\n\t\t\t\t\t<div class=\"e-con-inner\">\n\t\t<div class=\"elementor-element elementor-element-0acaf88 e-flex e-con-boxed wpr-particle-no wpr-jarallax-no wpr-parallax-no wpr-sticky-section-no e-con e-child\" data-id=\"0acaf88\" data-element_type=\"container\" data-e-type=\"container\">\n\t\t\t\t\t<div class=\"e-con-inner\">\n\t\t\t\t<div class=\"elementor-element elementor-element-b41b096 elementor-widget elementor-widget-spacer\" data-id=\"b41b096\" data-element_type=\"widget\" data-e-type=\"widget\" data-widget_type=\"spacer.default\">\n\t\t\t\t<div class=\"elementor-widget-container\">\n\t\t\t\t\t\t\t<div class=\"elementor-spacer\">\n\t\t\t<div class=\"elementor-spacer-inner\"><\/div>\n\t\t<\/div>\n\t\t\t\t\t\t<\/div>\n\t\t\t\t<\/div>\n\t\t\t\t<div class=\"elementor-element elementor-element-9c21eb0 elementor-widget elementor-widget-heading\" data-id=\"9c21eb0\" data-element_type=\"widget\" data-e-type=\"widget\" data-widget_type=\"heading.default\">\n\t\t\t\t<div class=\"elementor-widget-container\">\n\t\t\t\t\t<h2 class=\"elementor-heading-title elementor-size-default\">Hinweis: Turnier wurde auf den September 2025 verschoben<br>International Vorarlberg Allg\u00e4u ProAm Championship<\/h2>\t\t\t\t<\/div>\n\t\t\t\t<\/div>\n\t\t\t\t<div class=\"elementor-element elementor-element-3b1bd77 elementor-widget elementor-widget-text-editor\" data-id=\"3b1bd77\" data-element_type=\"widget\" data-e-type=\"widget\" data-widget_type=\"text-editor.default\">\n\t\t\t\t<div class=\"elementor-widget-container\">\n\t\t\t\t\t\t\t\t\t<p>Top-class golf for local and international golf professionals and amateurs<\/p>\t\t\t\t\t\t\t\t<\/div>\n\t\t\t\t<\/div>\n\t\t\t\t\t<\/div>\n\t\t\t\t<\/div>\n\t\t<div class=\"elementor-element elementor-element-de2ddac e-con-full e-flex wpr-particle-no wpr-jarallax-no wpr-parallax-no wpr-sticky-section-no e-con e-child\" data-id=\"de2ddac\" data-element_type=\"container\" data-e-type=\"container\">\n\t\t\t\t<div class=\"elementor-element elementor-element-a894758 elementor-widget elementor-widget-image\" data-id=\"a894758\" data-element_type=\"widget\" data-e-type=\"widget\" data-widget_type=\"image.default\">\n\t\t\t\t<div class=\"elementor-widget-container\">\n\t\t\t\t\t\t\t\t\t\t\t\t\t\t\t\t<a href=\"http:\/\/www.golf-oberstaufen.de\">\n\t\t\t\t\t\t\t<img fetchpriority=\"high\" decoding=\"async\" width=\"262\" height=\"300\" src=\"https:\/\/pro-am-allgaeu-bregenzerwald.de\/wp-content\/uploads\/2024\/02\/logo_oberstaufen_weiss-262x300-1.png\" class=\"attachment-2048x2048 size-2048x2048 wp-image-88\" alt=\"\" \/>\t\t\t\t\t\t\t\t<\/a>\n\t\t\t\t\t\t\t\t\t\t\t\t\t\t\t<\/div>\n\t\t\t\t<\/div>\n\t\t\t\t<\/div>\n\t\t<div class=\"elementor-element elementor-element-f33f6cb e-con-full e-flex wpr-particle-no wpr-jarallax-no wpr-parallax-no wpr-sticky-section-no e-con e-child\" data-id=\"f33f6cb\" data-element_type=\"container\" data-e-type=\"container\">\n\t\t\t\t<div class=\"elementor-element elementor-element-60c337e elementor-widget elementor-widget-image\" data-id=\"60c337e\" data-element_type=\"widget\" data-e-type=\"widget\" data-widget_type=\"image.default\">\n\t\t\t\t<div class=\"elementor-widget-container\">\n\t\t\t\t\t\t\t\t\t\t\t\t\t\t\t<img decoding=\"async\" width=\"268\" height=\"300\" src=\"https:\/\/pro-am-allgaeu-bregenzerwald.de\/wp-content\/uploads\/2024\/02\/Logo-2-Laender-Golf-Open-268x300-1.png\" class=\"attachment-full size-full wp-image-16\" alt=\"\" \/>\t\t\t\t\t\t\t\t\t\t\t\t\t\t\t<\/div>\n\t\t\t\t<\/div>\n\t\t\t\t<\/div>\n\t\t<div class=\"elementor-element elementor-element-cb06b17 e-con-full e-flex wpr-particle-no wpr-jarallax-no wpr-parallax-no wpr-sticky-section-no e-con e-child\" data-id=\"cb06b17\" data-element_type=\"container\" data-e-type=\"container\">\n\t\t\t\t<div class=\"elementor-element elementor-element-6699940 elementor-widget elementor-widget-image\" data-id=\"6699940\" data-element_type=\"widget\" data-e-type=\"widget\" data-widget_type=\"image.default\">\n\t\t\t\t<div class=\"elementor-widget-container\">\n\t\t\t\t\t\t\t\t\t\t\t\t\t\t\t\t<a href=\"http:\/\/www.golf-bregenzerwald.com\">\n\t\t\t\t\t\t\t<img decoding=\"async\" width=\"446\" height=\"171\" src=\"https:\/\/pro-am-allgaeu-bregenzerwald.de\/wp-content\/uploads\/2024\/02\/GP_LOGO-bearbeitet-1.png\" class=\"attachment-full size-full wp-image-37\" alt=\"\" srcset=\"https:\/\/pro-am-allgaeu-bregenzerwald.de\/wp-content\/uploads\/2024\/02\/GP_LOGO-bearbeitet-1.png 446w, https:\/\/pro-am-allgaeu-bregenzerwald.de\/wp-content\/uploads\/2024\/02\/GP_LOGO-bearbeitet-1-300x115.png 300w\" sizes=\"(max-width: 446px) 100vw, 446px\" \/>\t\t\t\t\t\t\t\t<\/a>\n\t\t\t\t\t\t\t\t\t\t\t\t\t\t\t<\/div>\n\t\t\t\t<\/div>\n\t\t\t\t<\/div>\n\t\t<div class=\"elementor-element elementor-element-d7c3c28 e-con-full e-flex wpr-particle-no wpr-jarallax-no wpr-parallax-no wpr-sticky-section-no e-con e-child\" data-id=\"d7c3c28\" data-element_type=\"container\" data-e-type=\"container\">\n\t\t\t\t<div class=\"elementor-element elementor-element-d38bf6c elementor-widget elementor-widget-spacer\" data-id=\"d38bf6c\" data-element_type=\"widget\" data-e-type=\"widget\" data-widget_type=\"spacer.default\">\n\t\t\t\t<div class=\"elementor-widget-container\">\n\t\t\t\t\t\t\t<div class=\"elementor-spacer\">\n\t\t\t<div class=\"elementor-spacer-inner\"><\/div>\n\t\t<\/div>\n\t\t\t\t\t\t<\/div>\n\t\t\t\t<\/div>\n\t\t\t\t<div class=\"elementor-element elementor-element-1989f7d wpr-tabs-hr-position-pro-ct wpr-tabs-position-above wpr-tabs-icon-position-left wpr-tabs-triangle-yes wpr-tabs-triangle-type-outer elementor-widget elementor-widget-wpr-tabs\" data-id=\"1989f7d\" data-element_type=\"widget\" data-e-type=\"widget\" data-settings=\"{&quot;tab_transition_duration&quot;:0.1}\" data-widget_type=\"wpr-tabs.default\">\n\t\t\t\t<div class=\"elementor-widget-container\">\n\t\t\t\t\t\t\t\n\t\t<div class=\"wpr-tabs\" data-options=\"{&quot;activeTab&quot;:1,&quot;trigger&quot;:&quot;click&quot;,&quot;autoplay&quot;:&quot;&quot;,&quot;autoplaySpeed&quot;:0}\">\n\t\t\t\n\t\t\t<div class=\"wpr-tabs-wrap\">\n\t\t\t\t\n\t\t\t\t<div id=\"wpr-tab-2671\" class=\"wpr-tab elementor-repeater-item-a378727\" data-tab=\"1\">\n\t\t\t\t\t\n\t\t\t\t\t\t\t\t\t\t<div class=\"wpr-tab-title\">Golf Sport<\/div>\n\t\t\t\t\t\n\t\t\t\t\t\t\t\t\t\n\t\t\t\t<\/div>\n\n\t\t\t\t\n\t\t\t\t<div id=\"wpr-tab-2672\" class=\"wpr-tab elementor-repeater-item-865d451\" data-tab=\"2\">\n\t\t\t\t\t\n\t\t\t\t\t\t\t\t\t\t<div class=\"wpr-tab-title\">Golfpark Bregenzerwald <\/div>\n\t\t\t\t\t\n\t\t\t\t\t\t\t\t\t\n\t\t\t\t<\/div>\n\n\t\t\t\t\n\t\t\t\t<div id=\"wpr-tab-2673\" class=\"wpr-tab elementor-repeater-item-1c6cfe1\" data-tab=\"3\">\n\t\t\t\t\t\n\t\t\t\t\t\t\t\t\t\t<div class=\"wpr-tab-title\">GC Oberstaufen Steibis<\/div>\n\t\t\t\t\t\n\t\t\t\t\t\t\t\t\t\n\t\t\t\t<\/div>\n\n\t\t\t\t\t\t\t<\/div>\n\n\t\t\t<div class=\"wpr-tabs-content-wrap\">\n\t\t\t\t\n\t\t\t\t<div id=\"wpr-tab-content-2671\" class=\"wpr-tab-content elementor-repeater-item-a378727\" data-tab=\"1\">\n\t\t\t\t\t<div class=\"wpr-tab-content-inner elementor-clearfix wpr-anim-size-large wpr-overlay-fade-in\"><h3 style=\"text-align: left\">Tournament highlight in the Allg\u00e4u-Bregenzerwald region<\/h3><p style=\"text-align: left\">This tournament is organized jointly by the two golf courses Golfpark Bregenzerwald and Oberstaufen Steibis. This close collaboration between two leading golf facilities in the region is intended to create a top-class sporting event for local and international golf professionals. On 36 holes, we can give a field twice as large the opportunity to play as in similar tournaments. This not only increases the sporting value, but also the prize money paid out for professional golfers. Amateurs can also participate. The organizers have decided on an exciting 1\/1 mode. This means that one professional and one amateur will play for victory in a parallel team competition. On the first two days, the participants will complete a round as a team at the Bregenzerwald Golf Park and at the GC Oberstaufen Steibis. On the final day, it's all about the prize money for the professionals at the Bregenzerwald Golf Park and, of course, for the amateurs at the GC Oberstaufen Steibis, not only the handicap, but also valuable prizes. Here, the collaboration between the two systems offers increased reach and extremely demanding perspectives. A Players Party, as part of the supporting program, and of course the joint award ceremony round off the program. Spectators and those interested in golf are of course also very welcome. The organizers' goal is to once again launch a top-class European tournament highlight, outside of the large organized professional golf tours, in the region and hopefully establish it for many years to come.<\/p><\/div>\t\t\t\t<\/div>\n\n\t\t\t\t\n\t\t\t\t<div id=\"wpr-tab-content-2672\" class=\"wpr-tab-content elementor-repeater-item-865d451\" data-tab=\"2\">\n\t\t\t\t\t<div class=\"wpr-tab-content-inner elementor-clearfix wpr-anim-size-large wpr-overlay-fade-in\"><p><img loading=\"lazy\" decoding=\"async\" class=\"alignleft wp-image-133\" src=\"http:\/\/pro-am-allgaeu-bregenzerwald.de\/wp-content\/uploads\/2024\/02\/Bild_2024-02-28_083837100-1024x776.png\" alt=\"\" width=\"528\" height=\"400\" srcset=\"https:\/\/pro-am-allgaeu-bregenzerwald.de\/wp-content\/uploads\/2024\/02\/Bild_2024-02-28_083837100-1024x776.png 1024w, https:\/\/pro-am-allgaeu-bregenzerwald.de\/wp-content\/uploads\/2024\/02\/Bild_2024-02-28_083837100-300x227.png 300w, https:\/\/pro-am-allgaeu-bregenzerwald.de\/wp-content\/uploads\/2024\/02\/Bild_2024-02-28_083837100-768x582.png 768w, https:\/\/pro-am-allgaeu-bregenzerwald.de\/wp-content\/uploads\/2024\/02\/Bild_2024-02-28_083837100.png 1030w\" sizes=\"(max-width: 528px) 100vw, 528px\" \/><\/p><p class=\"translation-block\">The best thing about golf is the course. Especially the Bregenzerwald Golf Park, where architect Kurt Rossknecht explores the special features of the gently hilly Wei\u00dfach Valley with its old groups of trees and natural meadows carefully placed bunkers, ponds and greens to create a varied experience course with 18 holes for all skill levels.\nHere you will still find the original charm of the game, with wide\nFairways, narrow corridors, exciting slopes and slopes in front of the\nimpressive backdrop of the foothills of the Alps. So the golf park is ideal in the traditional Bregenzerwald and the Nagelfluhkette Nature Park\nembedded. The chirping of birds and the rustling of leaves accompany you playing; you enjoy the relaxing peace, the undisturbed enjoyment of nature and the clear alpine air in a mild, bracing climate.\nThe well-kept cultural landscape and friendly people create distance between everyday life and every round makes you want to do the next one. In the golf park every round of Bregenzerwald will be a feast for all senses, for you and your golf flight.<\/p><\/div>\t\t\t\t<\/div>\n\n\t\t\t\t\n\t\t\t\t<div id=\"wpr-tab-content-2673\" class=\"wpr-tab-content elementor-repeater-item-1c6cfe1\" data-tab=\"3\">\n\t\t\t\t\t<div class=\"wpr-tab-content-inner elementor-clearfix wpr-anim-size-large wpr-overlay-fade-in\"><p><img loading=\"lazy\" decoding=\"async\" class=\"wp-image-135 alignright\" src=\"http:\/\/pro-am-allgaeu-bregenzerwald.de\/wp-content\/uploads\/2024\/02\/GolfplatzSteibis-300x186.png\" alt=\"\" width=\"444\" height=\"275\" srcset=\"https:\/\/pro-am-allgaeu-bregenzerwald.de\/wp-content\/uploads\/2024\/02\/GolfplatzSteibis-300x186.png 300w, https:\/\/pro-am-allgaeu-bregenzerwald.de\/wp-content\/uploads\/2024\/02\/GolfplatzSteibis-1024x634.png 1024w, https:\/\/pro-am-allgaeu-bregenzerwald.de\/wp-content\/uploads\/2024\/02\/GolfplatzSteibis-768x475.png 768w, https:\/\/pro-am-allgaeu-bregenzerwald.de\/wp-content\/uploads\/2024\/02\/GolfplatzSteibis.png 1191w\" sizes=\"(max-width: 444px) 100vw, 444px\" \/><\/p><p class=\"translation-block\">The facility of the Oberstaufen-Steibis e. Golf Club, founded in 1989.  It is a true\ngolf paradise. Due to its location, the 18-hole course (par 70) is in the best\nconditions for the finest golf experiences. The place is in a magnificent location\nin the middle of the Allg\u00e4u Alps at an altitude of 900 meters. Here, at the foot of the Nagelfluh chain, between lush mountain meadows and charming nature trails the holes are set against a unique backdrop. \nThe player has panoramic views of the unique landscapes of  Oberstaufen and\nthe surrounding mountains. The golf course is challenging in terms of sport. The greens are\nundulated. Bunkers, doglegs and slopes are for all kind of golfers challenging.\nThe facility is hilly and has water obstacles with biotopes, springs and old trees.<\/p><\/div>\t\t\t\t<\/div>\n\n\t\t\t\t\t\t\t<\/div>\n\n\t\t<\/div>\n\n\t\t\t\t\t\t<\/div>\n\t\t\t\t<\/div>\n\t\t<div class=\"elementor-element elementor-element-483cbf6 e-flex e-con-boxed wpr-particle-no wpr-jarallax-no wpr-parallax-no wpr-sticky-section-no e-con e-child\" data-id=\"483cbf6\" data-element_type=\"container\" data-e-type=\"container\">\n\t\t\t\t\t<div class=\"e-con-inner\">\n\t\t<div class=\"elementor-element elementor-element-4df7d21 e-con-full e-flex wpr-particle-no wpr-jarallax-no wpr-parallax-no wpr-sticky-section-no e-con e-child\" data-id=\"4df7d21\" data-element_type=\"container\" data-e-type=\"container\">\n\t\t\t\t<div class=\"elementor-element elementor-element-6cfd68d elementor-align-center elementor-widget elementor-widget-button\" data-id=\"6cfd68d\" data-element_type=\"widget\" data-e-type=\"widget\" data-widget_type=\"button.default\">\n\t\t\t\t<div class=\"elementor-widget-container\">\n\t\t\t\t\t\t\t\t\t<div class=\"elementor-button-wrapper\">\n\t\t\t\t\t<a class=\"elementor-button elementor-button-link elementor-size-sm\" href=\"#elementor-action%3Aaction%3Dpopup%3Aopen%26settings%3DeyJpZCI6IjE1MiIsInRvZ2dsZSI6ZmFsc2V9\">\n\t\t\t\t\t\t<span class=\"elementor-button-content-wrapper\">\n\t\t\t\t\t\t\t\t\t<span class=\"elementor-button-text\">Book ProAm<\/span>\n\t\t\t\t\t<\/span>\n\t\t\t\t\t<\/a>\n\t\t\t\t<\/div>\n\t\t\t\t\t\t\t\t<\/div>\n\t\t\t\t<\/div>\n\t\t\t\t<\/div>\n\t\t<div class=\"elementor-element elementor-element-7284e8a e-con-full e-flex wpr-particle-no wpr-jarallax-no wpr-parallax-no wpr-sticky-section-no e-con e-child\" data-id=\"7284e8a\" data-element_type=\"container\" data-e-type=\"container\">\n\t\t\t\t<div class=\"elementor-element elementor-element-48cf02a elementor-align-center elementor-widget elementor-widget-button\" data-id=\"48cf02a\" data-element_type=\"widget\" data-e-type=\"widget\" data-widget_type=\"button.default\">\n\t\t\t\t<div class=\"elementor-widget-container\">\n\t\t\t\t\t\t\t\t\t<div class=\"elementor-button-wrapper\">\n\t\t\t\t\t<a class=\"elementor-button elementor-button-link elementor-size-sm\" href=\"http:\/\/pro-am-allgaeu-bregenzerwald.de\/wp-content\/uploads\/2024\/02\/Wettspielausschreibung-Pro-Am-PDF-2.pdf\" target=\"_blank\">\n\t\t\t\t\t\t<span class=\"elementor-button-content-wrapper\">\n\t\t\t\t\t\t\t\t\t<span class=\"elementor-button-text\">Tender<\/span>\n\t\t\t\t\t<\/span>\n\t\t\t\t\t<\/a>\n\t\t\t\t<\/div>\n\t\t\t\t\t\t\t\t<\/div>\n\t\t\t\t<\/div>\n\t\t\t\t<\/div>\n\t\t\t\t\t<\/div>\n\t\t\t\t<\/div>\n\t\t\t\t<\/div>\n\t\t\t\t\t<\/div>\n\t\t\t\t<\/div>\n\t\t\t\t<\/div>\n\t\t\t\t<\/div>","protected":false},"excerpt":{"rendered":"<p>Hinweis: Turnier wurde auf den September 2025 verschoben1. Internationale Vorarlberg Allg\u00e4u ProAm Meisterschaft Golf der Extraklasse f\u00fcr heimische und internationale Golf Professionals und Amateure Golf Sport Golfpark Bregenzerwald GC Oberstaufen Steibis Turnier Highlight in der Region Allg\u00e4u -Bregenzerwald Veranstaltet wird dieses Turnier gemeinsam von den beiden Golfpl\u00e4tzen Golfpark Bregenzerwald und Oberstaufen Steibis. Durch diese enge Zusammenarbeit zweier f\u00fchrender Golfanlagen der Region soll ein sportlicher Event der Extraklasse f\u00fcr heimische und internationale Golf Professionals entstehen. Auf 36 Loch k\u00f6nnen wir einem doppelt so gro\u00dfen Starterfeld die M\u00f6glichkeit geben mitzuspielen als bei \u00e4hnlichen Turnieren. Dadurch wird nicht nur die sportliche Wertigkeit, sondern auch das f\u00fcr professionelle Golfer ausgesch\u00fcttete Preisgeld, enorm gesteigert. Amateure k\u00f6nnen ebenfalls teilnehmen. Die Veranstalter haben sich f\u00fcr einen spannenden 1\/1 Modus entschieden. Das bedeutet das in einer parallellaufenden Teamwertung jeweils ein Professional und ein Amateur um den Sieg spielen werden. An den ersten beiden Tagen werden die Teilnehmer als Team jeweils eine Runde im Golfpark Bregenzerwald und im GC Oberstaufen Steibis absolvieren. Am Finaltag geht es f\u00fcr die Professionals im Golfpark Bregenzerwald um das Preisgeld und f\u00fcr die Amateure im GC Oberstaufen Steibis neben dem Handicap nat\u00fcrlich auch um wertvolle Sachpreise. Hier bietet die Zusammenarbeit der beiden Anlagen eine gesteigerte Reichweite und ausgesprochen anspruchsvolle Perspektiven. Eine Players Party, als Teil des Rahmenprogrammes, und nat\u00fcrlich die gemeinsame Siegerehrung runden das Programm ab. Zuschauer und am Golfsport interessierte sind nat\u00fcrlich ebenfalls herzlich willkommen. Ziel der Veranstalter ist es wieder ein europ\u00e4isches Turnier Highlight der Extraklasse, au\u00dferhalb der gro\u00dfen organisierten Profi Golf Touren, in der Region zu starten und hoffentlich f\u00fcr viele Jahre zu etablieren. Das Sch\u00f6nste am Golf ist der Platz. Ganz besonders der Golfpark Bregenzerwald, wo Architekt Kurt Rossknecht die Besonderheiten des sanfth\u00fcgeligen Wei\u00dfachTales mit den alten Baumgruppen und naturbelassenen Streuwiesen durch sorgsam gesetzte Bunker, Teiche und Gr\u00fcns zu einem abwechslungsreichen Platz mit 18 Bahnen f\u00fcr alle Spielst\u00e4rken geformt hat.Hier findest du noch den urspr\u00fcnglichen Charme des Spiels, mit breiten Fairways, schmalen Korridoren, spannenden Hang- und Schr\u00e4glagen vor der imposanten Kulisse der Voralpen. So ist der Golfpark ideal in den traditionsreichen Bregenzerwald und in den Naturpark Nagelfluhkette eingebettet. Vogelgezwitscher und Bl\u00e4tterrauschen begleiten dein Spiel; du genie\u00dft die entspannende Ruhe, den ungest\u00f6rten Naturgenuss und die klare Alpenluft im milden Reizklima.Die gepflegte Kulturlandschaft und freundliche Menschen schaffen Abstand zum Alltag und machen bei jeder Runde bereits Lust auf die n\u00e4chste. Im Golfpark Bregenzerwald wird jede Runde ein Fest f\u00fcr alle Sinne, f\u00fcr dich und deine Begleitung. Die Anlage des 1989 gegr\u00fcndeten Golfclub Oberstaufen-Steibis e. V. ist ein wahres Golfparadies. Aufgrund seiner Lage hat der 18-Loch-Platz (Par 70) beste Voraussetzungen f\u00fcr Golferlebnisse vom Feinsten. Der Platz liegt in einer grandiosen Landschaft inmitten der Allg\u00e4uer Alpen auf einer H\u00f6he von 900 Metern. Dort, am Fu\u00dfe der Nagelfluhkette, zwischen saftigen Bergwiesen und reizvollen Naturpfaden liegen die Greens des Clubs vor einer einzigartigen Kulisse. Von jeder Bahn bieten sich dem Spieler Panoramablicke auf die einmalige Landschaften Oberstaufens und die umliegenden Berge. Der Golf-Course ist sportlich anspruchsvoll. Die Greens sind schnell. Bunker, Doglegs und Steigungen sind auch f\u00fcr erfahrene Golfer eine Herausforderung. Die Anlage ist h\u00fcgelig und durch Wasserhindernisse mit Biotopen, Quellen und altem Baumbestand strukturiert. ProAm buchen Ausschreibung<\/p>","protected":false},"author":1,"featured_media":0,"parent":0,"menu_order":0,"comment_status":"closed","ping_status":"closed","template":"","meta":{"site-sidebar-layout":"no-sidebar","site-content-layout":"","ast-site-content-layout":"full-width-container","site-content-style":"default","site-sidebar-style":"default","ast-global-header-display":"","ast-banner-title-visibility":"","ast-main-header-display":"","ast-hfb-above-header-display":"","ast-hfb-below-header-display":"","ast-hfb-mobile-header-display":"","site-post-title":"disabled","ast-breadcrumbs-content":"","ast-featured-img":"disabled","footer-sml-layout":"","theme-transparent-header-meta":"","adv-header-id-meta":"","stick-header-meta":"","header-above-stick-meta":"","header-main-stick-meta":"","header-below-stick-meta":"","astra-migrate-meta-layouts":"default","ast-page-background-enabled":"default","ast-page-background-meta":{"desktop":{"background-color":"var(--ast-global-color-4)","background-image":"","background-repeat":"repeat","background-position":"center center","background-size":"auto","background-attachment":"scroll","background-type":"","background-media":"","overlay-type":"","overlay-color":"","overlay-opacity":"","overlay-gradient":""},"tablet":{"background-color":"","background-image":"","background-repeat":"repeat","background-position":"center center","background-size":"auto","background-attachment":"scroll","background-type":"","background-media":"","overlay-type":"","overlay-color":"","overlay-opacity":"","overlay-gradient":""},"mobile":{"background-color":"","background-image":"","background-repeat":"repeat","background-position":"center center","background-size":"auto","background-attachment":"scroll","background-type":"","background-media":"","overlay-type":"","overlay-color":"","overlay-opacity":"","overlay-gradient":""}},"ast-content-background-meta":{"desktop":{"background-color":"var(--ast-global-color-5)","background-image":"","background-repeat":"repeat","background-position":"center center","background-size":"auto","background-attachment":"scroll","background-type":"","background-media":"","overlay-type":"","overlay-color":"","overlay-opacity":"","overlay-gradient":""},"tablet":{"background-color":"var(--ast-global-color-5)","background-image":"","background-repeat":"repeat","background-position":"center center","background-size":"auto","background-attachment":"scroll","background-type":"","background-media":"","overlay-type":"","overlay-color":"","overlay-opacity":"","overlay-gradient":""},"mobile":{"background-color":"var(--ast-global-color-5)","background-image":"","background-repeat":"repeat","background-position":"center center","background-size":"auto","background-attachment":"scroll","background-type":"","background-media":"","overlay-type":"","overlay-color":"","overlay-opacity":"","overlay-gradient":""}},"footnotes":""},"class_list":["post-49","page","type-page","status-publish","hentry"],"_links":{"self":[{"href":"https:\/\/pro-am-allgaeu-bregenzerwald.de\/en\/wp-json\/wp\/v2\/pages\/49","targetHints":{"allow":["GET"]}}],"collection":[{"href":"https:\/\/pro-am-allgaeu-bregenzerwald.de\/en\/wp-json\/wp\/v2\/pages"}],"about":[{"href":"https:\/\/pro-am-allgaeu-bregenzerwald.de\/en\/wp-json\/wp\/v2\/types\/page"}],"author":[{"embeddable":true,"href":"https:\/\/pro-am-allgaeu-bregenzerwald.de\/en\/wp-json\/wp\/v2\/users\/1"}],"replies":[{"embeddable":true,"href":"https:\/\/pro-am-allgaeu-bregenzerwald.de\/en\/wp-json\/wp\/v2\/comments?post=49"}],"version-history":[{"count":137,"href":"https:\/\/pro-am-allgaeu-bregenzerwald.de\/en\/wp-json\/wp\/v2\/pages\/49\/revisions"}],"predecessor-version":[{"id":328,"href":"https:\/\/pro-am-allgaeu-bregenzerwald.de\/en\/wp-json\/wp\/v2\/pages\/49\/revisions\/328"}],"wp:attachment":[{"href":"https:\/\/pro-am-allgaeu-bregenzerwald.de\/en\/wp-json\/wp\/v2\/media?parent=49"}],"curies":[{"name":"wp","href":"https:\/\/api.w.org\/{rel}","templated":true}]}}